{"id":5032,"date":"2025-08-28T05:47:49","date_gmt":"2025-08-28T05:47:49","guid":{"rendered":"https:\/\/wpakeneo.vachak.com\/wk-woocommerce-wpml\/product\/1111111304-fr_fr\/"},"modified":"2025-08-28T05:47:54","modified_gmt":"2025-08-28T05:47:54","slug":"1111111304-fr_fr","status":"publish","type":"product","link":"https:\/\/wpakeneo.vachak.com\/wk-woocommerce-wpml\/produit\/1111111304-fr_fr\/?lang=fr","title":{"rendered":"Sunglasses"},"content":{"rendered":"<p>En fran\u00e7ais, les lunettes de soleil sont appel\u00e9es \u00ab lunettes de soleil \u00bb. Il s&#8217;agit de lunettes aux verres teint\u00e9s con\u00e7ues pour prot\u00e9ger les yeux des rayons du soleil et de la lumi\u00e8re nocive. Le mot \u00ab lunettes \u00bb est f\u00e9minin et pluriel, d\u00e9signant la paire de lunettes.<\/p>\n","protected":false},"excerpt":{"rendered":"<p>En fran\u00e7ais, les lunettes de soleil sont appel\u00e9es \u00ab lunettes de soleil \u00bb. Il s&#8217;agit de lunettes aux verres teint\u00e9s con\u00e7ues pour prot\u00e9ger les yeux des rayons du soleil et de la lumi\u00e8re nocive. Le mot \u00ab lunettes \u00bb est f\u00e9minin et pluriel, d\u00e9signant la paire de lunettes.<\/p>\n","protected":false},"featured_media":0,"comment_status":"open","ping_status":"closed","template":"","meta":[],"product_brand":[],"product_cat":[5453],"product_tag":[],"class_list":{"0":"post-5032","1":"product","2":"type-product","3":"status-publish","5":"product_cat-master_accessories_sunglasses_fr_FR","7":"first","8":"instock","9":"shipping-taxable","10":"product-type-simple"},"_links":{"self":[{"href":"https:\/\/wpakeneo.vachak.com\/wk-woocommerce-wpml\/wp-json\/wp\/v2\/product\/5032","targetHints":{"allow":["GET"]}}],"collection":[{"href":"https:\/\/wpakeneo.vachak.com\/wk-woocommerce-wpml\/wp-json\/wp\/v2\/product"}],"about":[{"href":"https:\/\/wpakeneo.vachak.com\/wk-woocommerce-wpml\/wp-json\/wp\/v2\/types\/product"}],"replies":[{"embeddable":true,"href":"https:\/\/wpakeneo.vachak.com\/wk-woocommerce-wpml\/wp-json\/wp\/v2\/comments?post=5032"}],"wp:attachment":[{"href":"https:\/\/wpakeneo.vachak.com\/wk-woocommerce-wpml\/wp-json\/wp\/v2\/media?parent=5032"}],"wp:term":[{"taxonomy":"product_brand","embeddable":true,"href":"https:\/\/wpakeneo.vachak.com\/wk-woocommerce-wpml\/wp-json\/wp\/v2\/product_brand?post=5032"},{"taxonomy":"product_cat","embeddable":true,"href":"https:\/\/wpakeneo.vachak.com\/wk-woocommerce-wpml\/wp-json\/wp\/v2\/product_cat?post=5032"},{"taxonomy":"product_tag","embeddable":true,"href":"https:\/\/wpakeneo.vachak.com\/wk-woocommerce-wpml\/wp-json\/wp\/v2\/product_tag?post=5032"}],"curies":[{"name":"wp","href":"https:\/\/api.w.org\/{rel}","templated":true}]}}